{"id":234050,"date":"2025-05-12T11:09:51","date_gmt":"2025-05-12T16:09:51","guid":{"rendered":"https:\/\/www.freshcode.com.co\/web\/?post_type=product&#038;p=234050"},"modified":"2025-06-05T13:08:28","modified_gmt":"2025-06-05T18:08:28","slug":"manilla-medica-freshcode","status":"publish","type":"product","link":"https:\/\/www.freshcode.com.co\/web\/producto\/manilla-medica-freshcode\/","title":{"rendered":"Manilla Medica FreshCode"},"content":{"rendered":"<body><h3 data-start=\"126\" data-end=\"188\"><span class=\"_fadeIn_m1hgl_8\">Manilla <\/span><span class=\"_fadeIn_m1hgl_8\">M\u00e9dica <\/span><span class=\"_fadeIn_m1hgl_8\">FreshCode \u2013 <\/span><span class=\"_fadeIn_m1hgl_8\">Seguridad <\/span><span class=\"_fadeIn_m1hgl_8\">Vital <\/span><span class=\"_fadeIn_m1hgl_8\">Siempre <\/span><span class=\"_fadeIn_m1hgl_8\">Contigo<\/span><\/h3>\n<p data-start=\"190\" data-end=\"532\"><span class=\"_fadeIn_m1hgl_8\">La <\/span><strong data-start=\"193\" data-end=\"221\"><span class=\"_fadeIn_m1hgl_8\">Manilla <\/span><span class=\"_fadeIn_m1hgl_8\">M\u00e9dica <\/span><span class=\"_fadeIn_m1hgl_8\">FreshCode<\/span><\/strong> <span class=\"_fadeIn_m1hgl_8\">es <\/span><span class=\"_fadeIn_m1hgl_8\">mucho <\/span><span class=\"_fadeIn_m1hgl_8\">m\u00e1s <\/span><span class=\"_fadeIn_m1hgl_8\">que <\/span><span class=\"_fadeIn_m1hgl_8\">un <\/span><span class=\"_fadeIn_m1hgl_8\">accesorio. <\/span><span class=\"_fadeIn_m1hgl_8\">Es <\/span><span class=\"_fadeIn_m1hgl_8\">tu <\/span><span class=\"_fadeIn_m1hgl_8\">herramienta <\/span><span class=\"_fadeIn_m1hgl_8\">de <\/span><span class=\"_fadeIn_m1hgl_8\">protecci\u00f3n <\/span><span class=\"_fadeIn_m1hgl_8\">en <\/span><span class=\"_fadeIn_m1hgl_8\">situaciones <\/span><span class=\"_fadeIn_m1hgl_8\">de <\/span><span class=\"_fadeIn_m1hgl_8\">emergencia. <\/span><span class=\"_fadeIn_m1hgl_8\">Dise\u00f1ada <\/span><span class=\"_fadeIn_m1hgl_8\">en <\/span><span class=\"_fadeIn_m1hgl_8\">material <\/span><span class=\"_fadeIn_m1hgl_8\">resistente, <\/span><span class=\"_fadeIn_m1hgl_8\">c\u00f3modo <\/span><span class=\"_fadeIn_m1hgl_8\">y <\/span><span class=\"_fadeIn_m1hgl_8\">lavable, <\/span><span class=\"_fadeIn_m1hgl_8\">esta <\/span><span class=\"_fadeIn_m1hgl_8\">manilla <\/span><span class=\"_fadeIn_m1hgl_8\">incorpora <\/span><span class=\"_fadeIn_m1hgl_8\">un <\/span><strong data-start=\"392\" data-end=\"411\"><span class=\"_fadeIn_m1hgl_8\">c\u00f3digo <\/span><span class=\"_fadeIn_m1hgl_8\">QR <\/span><span class=\"_fadeIn_m1hgl_8\">\u00fanico<\/span><\/strong> <span class=\"_fadeIn_m1hgl_8\">que <\/span><span class=\"_fadeIn_m1hgl_8\">almacena <\/span><span class=\"_fadeIn_m1hgl_8\">tu <\/span><span class=\"_fadeIn_m1hgl_8\">informaci\u00f3n <\/span><span class=\"_fadeIn_m1hgl_8\">m\u00e9dica <\/span><span class=\"_fadeIn_m1hgl_8\">esencial: <\/span><span class=\"_fadeIn_m1hgl_8\">alergias, <\/span><span class=\"_fadeIn_m1hgl_8\">enfermedades, <\/span><span class=\"_fadeIn_m1hgl_8\">contactos <\/span><span class=\"_fadeIn_m1hgl_8\">de <\/span><span class=\"_fadeIn_m1hgl_8\">emergencia, <\/span><span class=\"_fadeIn_m1hgl_8\">EPS, <\/span><span class=\"_fadeIn_m1hgl_8\">tipo <\/span><span class=\"_fadeIn_m1hgl_8\">de <\/span><span class=\"_fadeIn_m1hgl_8\">sangre <\/span><span class=\"_fadeIn_m1hgl_8\">y <\/span><span class=\"_fadeIn_m1hgl_8\">m\u00e1s.<\/span><\/p>\n<p data-start=\"534\" data-end=\"735\"><span class=\"_fadeIn_m1hgl_8\">Con <\/span><span class=\"_fadeIn_m1hgl_8\">solo <\/span><span class=\"_fadeIn_m1hgl_8\">escanear <\/span><span class=\"_fadeIn_m1hgl_8\">el <\/span><span class=\"_fadeIn_m1hgl_8\">QR <\/span><span class=\"_fadeIn_m1hgl_8\">desde <\/span><span class=\"_fadeIn_m1hgl_8\">cualquier <\/span><span class=\"_fadeIn_m1hgl_8\">celular, <\/span><strong data-start=\"583\" data-end=\"619\"><span class=\"_fadeIn_m1hgl_8\">cualquier <\/span><span class=\"_fadeIn_m1hgl_8\">persona <\/span><span class=\"_fadeIn_m1hgl_8\">puede <\/span><span class=\"_fadeIn_m1hgl_8\">ayudarte<\/span><\/strong> <span class=\"_fadeIn_m1hgl_8\">en <\/span><span class=\"_fadeIn_m1hgl_8\">caso <\/span><span class=\"_fadeIn_m1hgl_8\">de <\/span><span class=\"_fadeIn_m1hgl_8\">accidente, <\/span><span class=\"_fadeIn_m1hgl_8\">enviando <\/span><span class=\"_fadeIn_m1hgl_8\">adem\u00e1s <\/span><span class=\"_fadeIn_m1hgl_8\">una <\/span><strong data-start=\"662\" data-end=\"706\"><span class=\"_fadeIn_m1hgl_8\">notificaci\u00f3n <\/span><span class=\"_fadeIn_m1hgl_8\">autom\u00e1tica <\/span><span class=\"_fadeIn_m1hgl_8\">con <\/span><span class=\"_fadeIn_m1hgl_8\">tu <\/span><span class=\"_fadeIn_m1hgl_8\">ubicaci\u00f3n<\/span><\/strong> <span class=\"_fadeIn_m1hgl_8\">a <\/span><span class=\"_fadeIn_m1hgl_8\">los <\/span><span class=\"_fadeIn_m1hgl_8\">contactos <\/span><span class=\"_fadeIn_m1hgl_8\">que <\/span><span class=\"_fadeIn_m1hgl_8\">definas.<\/span><\/p>\n<p data-start=\"737\" data-end=\"861\"><span class=\"_fadeIn_m1hgl_8\">Ideal <\/span><span class=\"_fadeIn_m1hgl_8\">para <\/span><span class=\"_fadeIn_m1hgl_8\">personas <\/span><span class=\"_fadeIn_m1hgl_8\">con <\/span><span class=\"_fadeIn_m1hgl_8\">condiciones <\/span><span class=\"_fadeIn_m1hgl_8\">m\u00e9dicas, <\/span><span class=\"_fadeIn_m1hgl_8\">deportistas, <\/span><span class=\"_fadeIn_m1hgl_8\">adultos <\/span><span class=\"_fadeIn_m1hgl_8\">mayores <\/span><span class=\"_fadeIn_m1hgl_8\">o <\/span><span class=\"_fadeIn_m1hgl_8\">quienes <\/span><span class=\"_fadeIn_m1hgl_8\">desean <\/span><span class=\"_fadeIn_m1hgl_8\">mayor <\/span><span class=\"_fadeIn_m1hgl_8\">seguridad <\/span><span class=\"_fadeIn_m1hgl_8\">al <\/span><span class=\"_fadeIn_m1hgl_8\">salir <\/span><span class=\"_fadeIn_m1hgl_8\">de <\/span><span class=\"_fadeIn_m1hgl_8\">casa.<\/span><\/p>\n<hr data-start=\"863\" data-end=\"866\">\n<p data-start=\"868\" data-end=\"895\"><strong data-start=\"868\" data-end=\"895\"><span class=\"_fadeIn_m1hgl_8\">Beneficios <\/span><span class=\"_fadeIn_m1hgl_8\">principales:<\/span><\/strong><\/p>\n<ul data-start=\"896\" data-end=\"1147\">\n<li data-start=\"896\" data-end=\"948\">\n<p data-start=\"898\" data-end=\"948\"><span class=\"_fadeIn_m1hgl_8\">C\u00f3digo <\/span><span class=\"_fadeIn_m1hgl_8\">QR <\/span><span class=\"_fadeIn_m1hgl_8\">personalizable <\/span><span class=\"_fadeIn_m1hgl_8\">con <\/span><span class=\"_fadeIn_m1hgl_8\">tu <\/span><span class=\"_fadeIn_m1hgl_8\">informaci\u00f3n <\/span><span class=\"_fadeIn_m1hgl_8\">vital.<\/span><\/p>\n<\/li>\n<li data-start=\"949\" data-end=\"1011\">\n<p data-start=\"951\" data-end=\"1011\"><span class=\"_fadeIn_m1hgl_8\">Notificaci\u00f3n <\/span><span class=\"_fadeIn_m1hgl_8\">inmediata <\/span><span class=\"_fadeIn_m1hgl_8\">con <\/span><span class=\"_fadeIn_m1hgl_8\">geolocalizaci\u00f3n <\/span><span class=\"_fadeIn_m1hgl_8\">al <\/span><span class=\"_fadeIn_m1hgl_8\">ser <\/span><span class=\"_fadeIn_m1hgl_8\">escaneado.<\/span><\/p>\n<\/li>\n<li data-start=\"1012\" data-end=\"1061\">\n<p data-start=\"1014\" data-end=\"1061\"><span class=\"_fadeIn_m1hgl_8\">Material <\/span><span class=\"_fadeIn_m1hgl_8\">resistente, <\/span><span class=\"_fadeIn_m1hgl_8\">ajustable <\/span><span class=\"_fadeIn_m1hgl_8\">y <\/span><span class=\"_fadeIn_m1hgl_8\">de <\/span><span class=\"_fadeIn_m1hgl_8\">uso <\/span><span class=\"_fadeIn_m1hgl_8\">diario.<\/span><\/p>\n<\/li>\n<li data-start=\"1062\" data-end=\"1102\">\n<p data-start=\"1064\" data-end=\"1102\"><span class=\"_fadeIn_m1hgl_8\">Disponible <\/span><span class=\"_fadeIn_m1hgl_8\">en <\/span><span class=\"_fadeIn_m1hgl_8\">varios <\/span><span class=\"_fadeIn_m1hgl_8\">colores <\/span><span class=\"_fadeIn_m1hgl_8\">y <\/span><span class=\"_fadeIn_m1hgl_8\">tallas.<\/span><\/p>\n<\/li>\n<li data-start=\"1103\" data-end=\"1147\">\n<p data-start=\"1105\" data-end=\"1147\"><span class=\"_fadeIn_m1hgl_8\">No <\/span><span class=\"_fadeIn_m1hgl_8\">requiere <\/span><span class=\"_fadeIn_m1hgl_8\">bater\u00eda <\/span><span class=\"_fadeIn_m1hgl_8\">ni <\/span><span class=\"_fadeIn_m1hgl_8\">conexi\u00f3n <\/span><span class=\"_fadeIn_m1hgl_8\">Bluetooth.<\/span><\/p>\n<\/li>\n<\/ul>\n<p data-start=\"1149\" data-end=\"1297\"><span class=\"_fadeIn_m1hgl_8\">\ud83d\udd12 <\/span><span class=\"_fadeIn_m1hgl_8\">Tu <\/span><span class=\"_fadeIn_m1hgl_8\">salud, <\/span><span class=\"_fadeIn_m1hgl_8\">siempre <\/span><span class=\"_fadeIn_m1hgl_8\">accesible.<\/span><br data-start=\"1180\" data-end=\"1183\"><span class=\"_fadeIn_m1hgl_8\">\ud83d\udcf1 <\/span><span class=\"_fadeIn_m1hgl_8\">Compatible <\/span><span class=\"_fadeIn_m1hgl_8\">con <\/span><span class=\"_fadeIn_m1hgl_8\">cualquier <\/span><span class=\"_fadeIn_m1hgl_8\">smartphone <\/span><span class=\"_fadeIn_m1hgl_8\">con <\/span><span class=\"_fadeIn_m1hgl_8\">c\u00e1mara.<\/span><\/p>\n<\/body>","protected":false},"excerpt":{"rendered":"<p>Manilla M\u00e9dica FreshCode \u2013 Seguridad Vital Siempre Contigo La Manilla M\u00e9dica FreshCode es mucho m\u00e1s que un accesorio. Es tu herramienta de protecci\u00f3n en situaciones de emergencia. Dise\u00f1ada en material resistente, c\u00f3modo y lavable, esta manilla incorpora un c\u00f3digo QR \u00fanico que almacena tu informaci\u00f3n m\u00e9dica esencial: alergias, enfermedades, contactos de emergencia, EPS, tipo de [&hellip;]<\/p>\n","protected":false},"featured_media":234070,"comment_status":"closed","ping_status":"closed","template":"","meta":{"_et_pb_use_builder":"","_et_pb_old_content":"","_et_gb_content_width":"","_joinchat":[]},"product_brand":[],"product_cat":[66],"product_tag":[],"class_list":{"0":"post-234050","1":"product","2":"type-product","3":"status-publish","4":"has-post-thumbnail","6":"product_cat-manillas_medicas","8":"first","9":"instock","10":"featured","11":"shipping-taxable","12":"purchasable","13":"product-type-variable"},"jetpack_sharing_enabled":true,"_links":{"self":[{"href":"https:\/\/www.freshcode.com.co\/web\/wp-json\/wp\/v2\/product\/234050"}],"collection":[{"href":"https:\/\/www.freshcode.com.co\/web\/wp-json\/wp\/v2\/product"}],"about":[{"href":"https:\/\/www.freshcode.com.co\/web\/wp-json\/wp\/v2\/types\/product"}],"replies":[{"embeddable":true,"href":"https:\/\/www.freshcode.com.co\/web\/wp-json\/wp\/v2\/comments?post=234050"}],"wp:featuredmedia":[{"embeddable":true,"href":"https:\/\/www.freshcode.com.co\/web\/wp-json\/wp\/v2\/media\/234070"}],"wp:attachment":[{"href":"https:\/\/www.freshcode.com.co\/web\/wp-json\/wp\/v2\/media?parent=234050"}],"wp:term":[{"taxonomy":"product_brand","embeddable":true,"href":"https:\/\/www.freshcode.com.co\/web\/wp-json\/wp\/v2\/product_brand?post=234050"},{"taxonomy":"product_cat","embeddable":true,"href":"https:\/\/www.freshcode.com.co\/web\/wp-json\/wp\/v2\/product_cat?post=234050"},{"taxonomy":"product_tag","embeddable":true,"href":"https:\/\/www.freshcode.com.co\/web\/wp-json\/wp\/v2\/product_tag?post=234050"}],"curies":[{"name":"wp","href":"https:\/\/api.w.org\/{rel}","templated":true}]}}