{"id":232385,"date":"2021-07-06T17:00:25","date_gmt":"2021-07-06T22:00:25","guid":{"rendered":"https:\/\/www.freshcode.com.co\/web\/?post_type=product&#038;p=232385"},"modified":"2024-07-28T20:03:25","modified_gmt":"2024-07-29T01:03:25","slug":"placas-con-codigo-qr-2","status":"publish","type":"product","link":"https:\/\/www.freshcode.com.co\/web\/producto\/placas-con-codigo-qr-2\/","title":{"rendered":"Placas con c\u00f3digo QR"},"content":{"rendered":"<body><p>Placas personalizadas para mascotas, con c\u00f3digo QR *Puedes personalizar la placa de tu mascota con la foto, el nombre y el color que mas te guste *Los c\u00f3digos se pueden escanear desde cualquier m\u00f3vil que tenga esc\u00e1ner incorporado con sistema operativo IOS o Android. * la persona que escanee el c\u00f3digo podr\u00e1 ver la ficha veterinaria y datos que puedan ayudar al contacto con el due\u00f1o. * puedes modificar la informaci\u00f3n anteriormente suministrada de manera f\u00e1cil, en el momento que sea necesario. * cualquier persona que escanee el c\u00f3digo QR puede enviar alertas de ubicaci\u00f3n al due\u00f1o de mascota.<\/p>\n<\/body>","protected":false},"excerpt":{"rendered":"<p>En el momento que escojas la placa debes hacernos saber cual es el nombre de tu mascota para personalizarla.<\/p>\n","protected":false},"featured_media":232386,"comment_status":"open","ping_status":"closed","template":"","meta":{"_et_pb_use_builder":"off","_et_pb_old_content":"Placas personalizadas para mascotas, con c\u00f3digo QR\r\n\r\n*Puedes personalizar la placa de tu mascota con la foto, el nombre y el color que mas te guste\r\n*Los c\u00f3digos se pueden escanear desde cualquier m\u00f3vil que tenga esc\u00e1ner incorporado con sistema operativo IOS o Android.\r\n* la persona que escanee el c\u00f3digo podr\u00e1 ver la ficha veterinaria y datos que puedan ayudar al contacto con el due\u00f1o.\r\n* puedes modificar la informaci\u00f3n anteriormente suministrada de manera f\u00e1cil, en el momento que sea necesario.\r\n* cualquier persona que escanee el c\u00f3digo QR puede enviar alertas de ubicaci\u00f3n al due\u00f1o de mascota.","_et_gb_content_width":"","_joinchat":[]},"product_brand":[],"product_cat":[51,37,53],"product_tag":[41],"class_list":{"0":"post-232385","1":"product","2":"type-product","3":"status-publish","4":"has-post-thumbnail","6":"product_cat-collares-para-mascotas","7":"product_cat-mascotas","8":"product_cat-placas-para-mascotas","9":"product_tag-codigoqr","11":"first","12":"instock","13":"shipping-taxable","14":"purchasable","15":"product-type-simple"},"jetpack_sharing_enabled":true,"_links":{"self":[{"href":"https:\/\/www.freshcode.com.co\/web\/wp-json\/wp\/v2\/product\/232385"}],"collection":[{"href":"https:\/\/www.freshcode.com.co\/web\/wp-json\/wp\/v2\/product"}],"about":[{"href":"https:\/\/www.freshcode.com.co\/web\/wp-json\/wp\/v2\/types\/product"}],"replies":[{"embeddable":true,"href":"https:\/\/www.freshcode.com.co\/web\/wp-json\/wp\/v2\/comments?post=232385"}],"wp:featuredmedia":[{"embeddable":true,"href":"https:\/\/www.freshcode.com.co\/web\/wp-json\/wp\/v2\/media\/232386"}],"wp:attachment":[{"href":"https:\/\/www.freshcode.com.co\/web\/wp-json\/wp\/v2\/media?parent=232385"}],"wp:term":[{"taxonomy":"product_brand","embeddable":true,"href":"https:\/\/www.freshcode.com.co\/web\/wp-json\/wp\/v2\/product_brand?post=232385"},{"taxonomy":"product_cat","embeddable":true,"href":"https:\/\/www.freshcode.com.co\/web\/wp-json\/wp\/v2\/product_cat?post=232385"},{"taxonomy":"product_tag","embeddable":true,"href":"https:\/\/www.freshcode.com.co\/web\/wp-json\/wp\/v2\/product_tag?post=232385"}],"curies":[{"name":"wp","href":"https:\/\/api.w.org\/{rel}","templated":true}]}}