{"id":232374,"date":"2021-07-06T15:25:38","date_gmt":"2021-07-06T20:25:38","guid":{"rendered":"https:\/\/www.freshcode.com.co\/web\/?post_type=product&#038;p=232374"},"modified":"2024-06-19T11:01:41","modified_gmt":"2024-06-19T16:01:41","slug":"pechera-anti-tirones","status":"publish","type":"product","link":"https:\/\/www.freshcode.com.co\/web\/producto\/pechera-anti-tirones\/","title":{"rendered":"Pechera Anti Tirones"},"content":{"rendered":"<body><p>Freshcode trae para tu mascota el nuevo Arn\u00e9s ANTI-TIRONES personalizados con c\u00f3digo QR<br>\nEs ideal para aquellos peludos que halan al caminar.<br>\n\ud83d\udc36 Facil de poner.<br>\n\ud83d\udc15\u200d\ud83e\uddbaPuedes dirigir de una manera m\u00e1s f\u00e1cil a tu mascota, evitando que se lastimen.<\/p>\n<p>Recuerda que Los collares cuentan con dos c\u00f3digos QR uno interno y otro externo.<br>\nSon personalizados con el nombre de tu mascota.<br>\n*Los c\u00f3digos se pueden escanear desde cualquier m\u00f3vil que tenga esc\u00e1ner incorporado con cualquier sistema operativo<br>\n* la persona que escanee el c\u00f3digo podr\u00e1 ver la ficha veterinaria y datos que puedan ayudar al contacto con el due\u00f1o.<br>\n* puedes modificar la informaci\u00f3n anteriormente suministrada de manera f\u00e1cil, en el momento que sea necesario.<br>\n* cualquier persona que escanee el c\u00f3digo puede enviar alertas de ubicaci\u00f3n al due\u00f1o de mascota.<\/p>\n<\/body>","protected":false},"excerpt":{"rendered":"<p>En el momento que escojas el collar debes hacernos saber cual es el nombre de tu mascota para personalizarl<\/p>\n","protected":false},"featured_media":232375,"comment_status":"closed","ping_status":"closed","template":"","meta":{"_et_pb_use_builder":"","_et_pb_old_content":"","_et_gb_content_width":"","_joinchat":[]},"product_brand":[],"product_cat":[51,37,52],"product_tag":[48,41,47],"class_list":{"0":"post-232374","1":"product","2":"type-product","3":"status-publish","4":"has-post-thumbnail","6":"product_cat-collares-para-mascotas","7":"product_cat-mascotas","8":"product_cat-pecheras-para-mascotas","9":"product_tag-anti-tirones","10":"product_tag-codigoqr","11":"product_tag-pechera","13":"first","14":"instock","15":"shipping-taxable","16":"purchasable","17":"product-type-simple"},"jetpack_sharing_enabled":true,"_links":{"self":[{"href":"https:\/\/www.freshcode.com.co\/web\/wp-json\/wp\/v2\/product\/232374"}],"collection":[{"href":"https:\/\/www.freshcode.com.co\/web\/wp-json\/wp\/v2\/product"}],"about":[{"href":"https:\/\/www.freshcode.com.co\/web\/wp-json\/wp\/v2\/types\/product"}],"replies":[{"embeddable":true,"href":"https:\/\/www.freshcode.com.co\/web\/wp-json\/wp\/v2\/comments?post=232374"}],"wp:featuredmedia":[{"embeddable":true,"href":"https:\/\/www.freshcode.com.co\/web\/wp-json\/wp\/v2\/media\/232375"}],"wp:attachment":[{"href":"https:\/\/www.freshcode.com.co\/web\/wp-json\/wp\/v2\/media?parent=232374"}],"wp:term":[{"taxonomy":"product_brand","embeddable":true,"href":"https:\/\/www.freshcode.com.co\/web\/wp-json\/wp\/v2\/product_brand?post=232374"},{"taxonomy":"product_cat","embeddable":true,"href":"https:\/\/www.freshcode.com.co\/web\/wp-json\/wp\/v2\/product_cat?post=232374"},{"taxonomy":"product_tag","embeddable":true,"href":"https:\/\/www.freshcode.com.co\/web\/wp-json\/wp\/v2\/product_tag?post=232374"}],"curies":[{"name":"wp","href":"https:\/\/api.w.org\/{rel}","templated":true}]}}