{"id":232361,"date":"2021-07-06T12:06:49","date_gmt":"2021-07-06T17:06:49","guid":{"rendered":"https:\/\/www.freshcode.com.co\/web\/?post_type=product&#038;p=232361"},"modified":"2024-06-19T11:03:27","modified_gmt":"2024-06-19T16:03:27","slug":"collar-referencia-c-07","status":"publish","type":"product","link":"https:\/\/www.freshcode.com.co\/web\/producto\/collar-referencia-c-07\/","title":{"rendered":"Collar Referencia C -07"},"content":{"rendered":"<body><p>Hermosos collares personalizados con c\u00f3digo QR.<br>\nRef C -07<br>\n(La parte interna del collar es de color verde as\u00ed como se muestra en la imagen, reata de la parte derecha)<\/p>\n<p>Los collares cuentan con dos c\u00f3digos QR uno interno y otro externo.<br>\nSon personalizados con el nombre de tu mascota.<br>\n*Los c\u00f3digos se pueden escanear desde cualquier m\u00f3vil que tenga esc\u00e1ner incorporado con cualquier sistema operativo<br>\n* la persona que escanee el c\u00f3digo podr\u00e1 ver la ficha veterinaria y datos que puedan ayudar al contacto con el due\u00f1o.<br>\n* puedes modificar la informaci\u00f3n anteriormente suministrada de manera f\u00e1cil, en el momento que sea necesario.<br>\n* cualquier persona que escanee el c\u00f3digo puede enviar alertas de ubicaci\u00f3n al due\u00f1o de mascota.<\/p>\n<\/body>","protected":false},"excerpt":{"rendered":"<p>En el momento que escojas el collar debes hacernos saber cual es el nombre de tu mascota para personalizarlo.<\/p>\n","protected":false},"featured_media":232362,"comment_status":"closed","ping_status":"closed","template":"","meta":{"_et_pb_use_builder":"","_et_pb_old_content":"","_et_gb_content_width":"","_joinchat":[]},"product_brand":[],"product_cat":[51,37],"product_tag":[41,40],"class_list":{"0":"post-232361","1":"product","2":"type-product","3":"status-publish","4":"has-post-thumbnail","6":"product_cat-collares-para-mascotas","7":"product_cat-mascotas","8":"product_tag-codigoqr","9":"product_tag-collares","11":"first","12":"instock","13":"shipping-taxable","14":"purchasable","15":"product-type-simple"},"jetpack_sharing_enabled":true,"_links":{"self":[{"href":"https:\/\/www.freshcode.com.co\/web\/wp-json\/wp\/v2\/product\/232361"}],"collection":[{"href":"https:\/\/www.freshcode.com.co\/web\/wp-json\/wp\/v2\/product"}],"about":[{"href":"https:\/\/www.freshcode.com.co\/web\/wp-json\/wp\/v2\/types\/product"}],"replies":[{"embeddable":true,"href":"https:\/\/www.freshcode.com.co\/web\/wp-json\/wp\/v2\/comments?post=232361"}],"wp:featuredmedia":[{"embeddable":true,"href":"https:\/\/www.freshcode.com.co\/web\/wp-json\/wp\/v2\/media\/232362"}],"wp:attachment":[{"href":"https:\/\/www.freshcode.com.co\/web\/wp-json\/wp\/v2\/media?parent=232361"}],"wp:term":[{"taxonomy":"product_brand","embeddable":true,"href":"https:\/\/www.freshcode.com.co\/web\/wp-json\/wp\/v2\/product_brand?post=232361"},{"taxonomy":"product_cat","embeddable":true,"href":"https:\/\/www.freshcode.com.co\/web\/wp-json\/wp\/v2\/product_cat?post=232361"},{"taxonomy":"product_tag","embeddable":true,"href":"https:\/\/www.freshcode.com.co\/web\/wp-json\/wp\/v2\/product_tag?post=232361"}],"curies":[{"name":"wp","href":"https:\/\/api.w.org\/{rel}","templated":true}]}}