{"id":232245,"date":"2021-05-10T11:46:37","date_gmt":"2021-05-10T16:46:37","guid":{"rendered":"https:\/\/www.freshcode.com.co\/web\/?page_id=232245"},"modified":"2023-03-04T16:43:09","modified_gmt":"2023-03-04T21:43:09","slug":"empresas","status":"publish","type":"page","link":"https:\/\/www.freshcode.com.co\/web\/empresas\/","title":{"rendered":"Empresas"},"content":{"rendered":"<body><p><\/p>[et_pb_section fb_built=\u201d1\u2033 next_background_color=\u201d#ffffff\u201d admin_label=\u201dHero\u201d _builder_version=\u201d4.16\u2033 use_background_color_gradient=\u201don\u201d background_color_gradient_direction=\u201d70deg\u201d background_color_gradient_stops=\u201d#33ccbd 0%|rgba(128,103,79,0.5) 100%\u201d background_color_gradient_overlays_image=\u201don\u201d background_color_gradient_start=\u201d#33ccbd\u201d background_color_gradient_end=\u201drgba(128,103,79,0.5)\u201d background_image=\u201dhttps:\/\/www.freshcode.com.co\/web\/wp-content\/uploads\/2021\/05\/Mesa-de-trabajo-3-1.png\u201d custom_margin=\u201d|||\u201d custom_padding=\u201d6vw|||\u201d bottom_divider_style=\u201dmountains2\u2033 bottom_divider_height=\u201d20vw\u201d bottom_divider_repeat=\u201d0.5x\u201d bottom_divider_flip=\u201dhorizontal|vertical\u201d global_colors_info=\u201d{}\u201d][et_pb_row _builder_version=\u201d4.16\u2033 custom_margin=\u201d|||\u201d custom_padding=\u201d27px|0px|0|0px|false|false\u201d global_colors_info=\u201d{}\u201d][et_pb_column type=\u201d4_4\u2033 _builder_version=\u201d4.16\u2033 custom_padding=\u201d|||\u201d global_colors_info=\u201d{}\u201d custom_padding__hover=\u201d|||\u201d][et_pb_text _builder_version=\u201d4.16\u2033 text_font=\u201dAbril Fatface||||||||\u201d header_font=\u201dAbril Fatface|700|||||||\u201d header_font_size=\u201d90px\u201d header_line_height=\u201d1.4em\u201d header_2_font=\u201dJosefin Sans||||||||\u201d header_2_text_color=\u201drgba(255,255,255,0.6)\u201d header_2_font_size=\u201d32px\u201d header_2_line_height=\u201d1.4em\u201d background_enable_image=\u201doff\u201d background_layout=\u201ddark\u201d custom_padding=\u201d||0px|||\u201d animation_style=\u201dslide\u201d animation_direction=\u201dright\u201d animation_intensity_slide=\u201d4%\u201d header_font_size_tablet=\u201d50px\u201d header_font_size_phone=\u201d32px\u201d header_font_size_last_edited=\u201don|desktop\u201d header_2_font_size_tablet=\u201d\u201d header_2_font_size_phone=\u201d24px\u201d header_2_font_size_last_edited=\u201don|phone\u201d header_text_shadow_style=\u201dpreset1\u2033 inline_fonts=\u201dAbril Fatface\u201d global_colors_info=\u201d{}\u201d]\n<h1><span style=\"color: #062329;\">FRESHCODE\u00a0<\/span><\/h1>\n<p>\u00a0 \u00a0 \u00a0 \u00a0 \u00a0 \u00a0 \u00a0 \u00a0 \u00a0 \u00a0 \u00a0 \u00a0 \u00a0 \u00a0 \u00a0 \u00a0 \u00a0 \u00a0 \u00a0 \u00a0 \u00a0 \u00a0 \u00a0 \u00a0 \u00a0 \u00a0 \u00a0 \u00a0 \u00a0 \u00a0 \u00a0 \u00a0 \u00a0 \u00a0 \u00a0 \u00a0 \u00a0 \u00a0 \u00a0 \u00a0 \u00a0 \u00a0 \u00a0 \u00a0 \u00a0 \u00a0 \u00a0 \u00a0 \u00a0 \u00a0 \u00a0 \u00a0 \u00a0 \u00a0 \u00a0 \u00a0 \u00a0 \u00a0 \u00a0 \u00a0 \u00a0 \u00a0 \u00a0 \u00a0 \u00a0 \u00a0 \u00a0 \u00a0 \u00a0 \u00a0 \u00a0 \u00a0 \u00a0 \u00a0 \u00a0 \u00a0 \u00a0 \u00a0 \u00a0 \u00a0 \u00a0 \u00a0 \u00a0 \u00a0 \u00a0 \u00a0<span style=\"font-family: 'Abril Fatface'; font-weight: normal; font-size: xx-large;\">EMPRESAS<\/span><span style=\"color: #062329;\"><\/span><\/p>\n<p>[\/et_pb_text][\/et_pb_column][\/et_pb_row][et_pb_row column_structure=\u201d1_2,1_2\u2033 _builder_version=\u201d4.16\u2033 custom_padding=\u201d0|0px|27px|0px|false|false\u201d locked=\u201doff\u201d global_colors_info=\u201d{}\u201d][et_pb_column type=\u201d1_2\u2033 _builder_version=\u201d4.16\u2033 custom_padding=\u201d|||\u201d global_colors_info=\u201d{}\u201d custom_padding__hover=\u201d|||\u201d][\/et_pb_column][et_pb_column type=\u201d1_2\u2033 _builder_version=\u201d4.16\u2033 custom_padding=\u201d|||\u201d global_colors_info=\u201d{}\u201d custom_padding__hover=\u201d|||\u201d][\/et_pb_column][\/et_pb_row][et_pb_row use_custom_gutter=\u201don\u201d gutter_width=\u201d1\u2033 disabled_on=\u201don|off|off\u201d module_class=\u201d et_pb_row_fullwidth\u201d _builder_version=\u201d4.16\u2033 width=\u201d100%\u201d width_tablet=\u201d100%\u201d width_phone=\u201d\u201d width_last_edited=\u201don|desktop\u201d max_width=\u201d100%\u201d max_width_tablet=\u201d100%\u201d max_width_phone=\u201d\u201d max_width_last_edited=\u201don|desktop\u201d make_fullwidth=\u201don\u201d locked=\u201doff\u201d global_colors_info=\u201d{}\u201d][et_pb_column type=\u201d4_4\u2033 _builder_version=\u201d4.16\u2033 custom_padding=\u201d|||\u201d global_colors_info=\u201d{}\u201d custom_padding__hover=\u201d|||\u201d][et_pb_text _builder_version=\u201d4.16\u2033 text_font=\u201dJosefin Sans|700||on|||||\u201d text_text_color=\u201drgba(255,255,255,0.2)\u201d text_font_size=\u201d15vw\u201d text_line_height=\u201d1em\u201d quote_font=\u201d||||||||\u201d header_font=\u201d||||||||\u201d custom_margin=\u201d||-0.4em|\u201d custom_padding=\u201d|||\u201d filter_blur=\u201d7px\u201d animation_style=\u201dslide\u201d animation_direction=\u201dright\u201d animation_duration=\u201d10000ms\u201d animation_intensity_slide=\u201d10%\u201d animation_starting_opacity=\u201d40%\u201d animation_speed_curve=\u201dlinear\u201d text_font_size_tablet=\u201d124px\u201d text_font_size_phone=\u201d90px\u201d text_font_size_last_edited=\u201doff|desktop\u201d global_colors_info=\u201d{}\u201d]<\/p>\n<p>About US<\/p>\n<p>[\/et_pb_text][\/et_pb_column][\/et_pb_row][\/et_pb_section][et_pb_section fb_built=\u201d1\u2033 admin_label=\u201dAbout Us\u201d _builder_version=\u201d4.16\u2033 global_colors_info=\u201d{}\u201d][et_pb_row column_structure=\u201d1_4,1_4,1_2\u2033 use_custom_gutter=\u201don\u201d gutter_width=\u201d2\u2033 admin_label=\u201dContent area\u201d _builder_version=\u201d4.16\u2033 max_width=\u201d1280px\u201d animation_style=\u201dfold\u201d animation_direction=\u201dleft\u201d animation_intensity_fold=\u201d20%\u201d use_custom_width=\u201don\u201d custom_width_px=\u201d1280px\u201d global_colors_info=\u201d{}\u201d][et_pb_column type=\u201d1_4\u2033 _builder_version=\u201d4.16\u2033 custom_padding=\u201d5%|||\u201d custom_padding_tablet=\u201d\u201d custom_padding_phone=\u201d0%|||\u201d custom_padding_last_edited=\u201don|desktop\u201d global_colors_info=\u201d{}\u201d padding_phone=\u201d0%|||\u201d padding_last_edited=\u201don|desktop\u201d custom_padding__hover=\u201d|||\u201d][et_pb_image src=\u201dhttps:\/\/www.freshcode.com.co\/web\/wp-content\/uploads\/2021\/05\/clinicas.jpg\u201d title_text=\u201dclinicas\u201d force_fullwidth=\u201don\u201d align_tablet=\u201dcenter\u201d align_phone=\u201d\u201d align_last_edited=\u201don|desktop\u201d _builder_version=\u201d4.16\u2033 custom_margin=\u201d||12%|\u201d animation_style=\u201dfold\u201d animation_direction=\u201dleft\u201d animation_intensity_fold=\u201d20%\u201d locked=\u201doff\u201d global_colors_info=\u201d{}\u201d][\/et_pb_image][et_pb_image src=\u201dhttps:\/\/www.freshcode.com.co\/web\/wp-content\/uploads\/2021\/05\/puerta-a-\u00b4puerta.jpg\u201d title_text=\u201da tradesman or sales man call on a householder to ask if she needs his services\u201d force_fullwidth=\u201don\u201d align_tablet=\u201dcenter\u201d align_phone=\u201d\u201d align_last_edited=\u201don|desktop\u201d _builder_version=\u201d4.16\u2033 custom_margin=\u201d||12%|\u201d animation_style=\u201dfold\u201d animation_direction=\u201dleft\u201d animation_delay=\u201d300ms\u201d animation_intensity_fold=\u201d20%\u201d locked=\u201doff\u201d global_colors_info=\u201d{}\u201d][\/et_pb_image][\/et_pb_column][et_pb_column type=\u201d1_4\u2033 _builder_version=\u201d4.16\u2033 custom_padding=\u201d|||\u201d global_colors_info=\u201d{}\u201d custom_padding__hover=\u201d|||\u201d][et_pb_image src=\u201dhttps:\/\/www.freshcode.com.co\/web\/wp-content\/uploads\/2021\/05\/escobitas.png\u201d title_text=\u201descobitas\u201d force_fullwidth=\u201don\u201d align_tablet=\u201dcenter\u201d align_phone=\u201d\u201d align_last_edited=\u201don|desktop\u201d _builder_version=\u201d4.16\u2033 custom_margin=\u201d||12%|\u201d animation_style=\u201dfold\u201d animation_direction=\u201dleft\u201d animation_delay=\u201d350ms\u201d animation_intensity_fold=\u201d20%\u201d locked=\u201doff\u201d global_colors_info=\u201d{}\u201d][\/et_pb_image][et_pb_image src=\u201dhttps:\/\/www.freshcode.com.co\/web\/wp-content\/uploads\/2021\/05\/comida-a-domicilio.jpg\u201d title_text=\u201dcomida-a-domicilio\u201d force_fullwidth=\u201don\u201d align_tablet=\u201dcenter\u201d align_phone=\u201d\u201d align_last_edited=\u201don|desktop\u201d _builder_version=\u201d4.16\u2033 custom_margin=\u201d||12%|\u201d animation_style=\u201dfold\u201d animation_direction=\u201dleft\u201d animation_delay=\u201d450ms\u201d animation_intensity_fold=\u201d20%\u201d locked=\u201doff\u201d global_colors_info=\u201d{}\u201d][\/et_pb_image][\/et_pb_column][et_pb_column type=\u201d1_2\u2033 _builder_version=\u201d4.16\u2033 custom_padding=\u201d5%|||5%\u201d custom_padding_tablet=\u201d0%|||0%\u201d custom_padding_phone=\u201d\u201d custom_padding_last_edited=\u201don|tablet\u201d global_colors_info=\u201d{}\u201d padding_tablet=\u201d0%|||0%\u201d padding_last_edited=\u201don|tablet\u201d custom_padding__hover=\u201d|||\u201d padding_phone=\u201d0%|||0%\u201d][et_pb_text _builder_version=\u201d4.16\u2033 text_font=\u201dOpen Sans||||||||\u201d text_font_size=\u201d18px\u201d text_line_height=\u201d1.8em\u201d header_font=\u201d||||||||\u201d header_2_font=\u201dJosefin Sans|700|||||||\u201d header_2_font_size=\u201d48px\u201d header_2_line_height=\u201d1.5em\u201d header_3_font=\u201dJosefin Sans|700||on|||||\u201d header_3_text_color=\u201drgba(43,51,68,0.2)\u201d header_4_font=\u201dJosefin Sans|700|||||||\u201d header_4_font_size=\u201d22px\u201d header_4_line_height=\u201d1.4em\u201d max_width=\u201d700px\u201d custom_margin=\u201d|||\u201d custom_padding=\u201d7px|||||\u201d header_2_font_size_tablet=\u201d\u201d header_2_font_size_phone=\u201d24px\u201d header_2_font_size_last_edited=\u201don|phone\u201d locked=\u201doff\u201d global_colors_info=\u201d{}\u201d]<\/p>\n<h3>Dispuestos a cuidar de tu seguridad<\/h3>\n<p>FRESHCODE es un sistema de informaci\u00f3n vital para emergencias, dise\u00f1ada para brindar control, seguridad y tranquilidad a las empresas.<\/p>\n<p>El sistema va ligado a c\u00f3digos QR que van adheridos a las prendas y accesorios, cada c\u00f3digo es \u00fanico y exclusivo.<\/p>\n<p>[\/et_pb_text][\/et_pb_column][\/et_pb_row][\/et_pb_section][et_pb_section fb_built=\u201d1\u2033 custom_padding_last_edited=\u201doff|desktop\u201d admin_label=\u201dServices\u201d _builder_version=\u201d4.16\u2033 custom_padding=\u201d|||\u201d locked=\u201doff\u201d global_colors_info=\u201d{}\u201d][et_pb_row _builder_version=\u201d4.16\u2033 global_colors_info=\u201d{}\u201d][et_pb_column type=\u201d4_4\u2033 _builder_version=\u201d4.16\u2033 custom_padding=\u201d|||\u201d global_colors_info=\u201d{}\u201d custom_padding__hover=\u201d|||\u201d][et_pb_text _builder_version=\u201d4.16\u2033 text_font=\u201dOpen Sans||||||||\u201d text_font_size=\u201d18px\u201d text_line_height=\u201d1.8em\u201d header_font=\u201d||||||||\u201d header_2_font=\u201dJosefin Sans|700|||||||\u201d header_2_font_size=\u201d32px\u201d header_2_line_height=\u201d1.5em\u201d header_3_font=\u201dJosefin Sans|700||on|||||\u201d header_3_text_color=\u201drgba(43,51,68,0.2)\u201d text_orientation=\u201dcenter\u201d max_width=\u201d700px\u201d module_alignment=\u201dcenter\u201d custom_margin=\u201d|||\u201d custom_padding=\u201d|||\u201d locked=\u201doff\u201d global_colors_info=\u201d{}\u201d]<\/p>\n<h2><span>Empresas\u00a0<\/span><\/h2>\n<p><span>EPA E.S.P<\/span><\/p>\n<p>[\/et_pb_text][et_pb_slider _builder_version=\u201d4.16\u2033 _module_preset=\u201ddefault\u201d use_background_color_gradient=\u201don\u201d background_color_gradient_stops=\u201d#267263 0%|#29c4a9 100%\u201d background_color_gradient_start=\u201d#267263\u2033 global_colors_info=\u201d{}\u201d][et_pb_slide _builder_version=\u201d4.16\u2033 _module_preset=\u201ddefault\u201d global_colors_info=\u201d{}\u201d sticky_transition=\u201don\u201d]<\/p>\n<p><img data-recalc-dims=\"1\" decoding=\"async\" src=\"https:\/\/i0.wp.com\/www.freshcode.com.co\/web\/wp-content\/uploads\/2021\/08\/embellecedores-epa-300x200.jpg?resize=300%2C200&#038;ssl=1\" width=\"300\" height=\"200\" alt=\"\" class=\"wp-image-232570 alignnone size-medium\" loading=\"lazy\"><\/p>\n<p>[\/et_pb_slide][et_pb_slide _builder_version=\u201d4.16\u2033 _module_preset=\u201ddefault\u201d global_colors_info=\u201d{}\u201d sticky_transition=\u201don\u201d]<\/p>\n<p><img data-recalc-dims=\"1\" decoding=\"async\" src=\"https:\/\/i0.wp.com\/www.freshcode.com.co\/web\/wp-content\/uploads\/2021\/08\/equipo-administrativo-epa-300x195.png?resize=300%2C195&#038;ssl=1\" width=\"300\" height=\"195\" alt=\"\" class=\"wp-image-232571 alignnone size-medium\" loading=\"lazy\"><\/p>\n<p>[\/et_pb_slide][et_pb_slide _builder_version=\u201d4.16\u2033 _module_preset=\u201ddefault\u201d global_colors_info=\u201d{}\u201d sticky_transition=\u201don\u201d]<\/p>\n<p><img data-recalc-dims=\"1\" decoding=\"async\" src=\"https:\/\/i0.wp.com\/www.freshcode.com.co\/web\/wp-content\/uploads\/2021\/08\/escobitas.jpg?resize=300%2C200&#038;ssl=1\" width=\"300\" height=\"200\" alt=\"\" class=\"wp-image-232573 alignnone size-medium\" loading=\"lazy\"><\/p>\n<p>[\/et_pb_slide][et_pb_slide _builder_version=\u201d4.16\u2033 _module_preset=\u201ddefault\u201d global_colors_info=\u201d{}\u201d sticky_transition=\u201don\u201d]<\/p>\n<p><img data-recalc-dims=\"1\" decoding=\"async\" src=\"https:\/\/i0.wp.com\/www.freshcode.com.co\/web\/wp-content\/uploads\/2021\/08\/equipo-epa.jpg?resize=225%2C225&#038;ssl=1\" width=\"225\" height=\"225\" alt=\"\" class=\"wp-image-232572 alignnone size-full\" loading=\"lazy\" srcset=\"https:\/\/i0.wp.com\/www.freshcode.com.co\/web\/wp-content\/uploads\/2021\/08\/equipo-epa.jpg?w=225&amp;ssl=1 225w, https:\/\/i0.wp.com\/www.freshcode.com.co\/web\/wp-content\/uploads\/2021\/08\/equipo-epa.jpg?resize=150%2C150&amp;ssl=1 150w, https:\/\/i0.wp.com\/www.freshcode.com.co\/web\/wp-content\/uploads\/2021\/08\/equipo-epa.jpg?resize=100%2C100&amp;ssl=1 100w\" sizes=\"(max-width: 225px) 100vw, 225px\" \/><\/p>\n<p>[\/et_pb_slide][\/et_pb_slider][et_pb_text _builder_version=\u201d4.16\u2033 _module_preset=\u201ddefault\u201d global_colors_info=\u201d{}\u201d]<\/p>\n<p>Empresas P\u00fablicas de Armenia, es una empresa que piensa en el bienestar de sus colaboradores y en el de la ciudadan\u00eda en general, es por esto que han decidido que todos sus operarios porten en todos sus uniformes el c\u00f3digo QR que ofrece FRESHCODE, para que as\u00ed quien lo tenga pueda ser identificado como funcionario de la entidad de manera f\u00e1cil y efectiva.<\/p>\n<p>\u00a0<\/p>\n<p>[\/et_pb_text][\/et_pb_column][\/et_pb_row][et_pb_row column_structure=\u201d1_3,1_3,1_3\u2033 _builder_version=\u201d4.16\u2033 global_colors_info=\u201d{}\u201d][et_pb_column _builder_version=\u201d4.20.0\u2033 _module_preset=\u201ddefault\u201d type=\u201d1_3\u2033][et_pb_video src=\u201dhttps:\/\/www.youtube.com\/watch?v=U6nU9Z5SP7Q\u201d src_webm_tablet=\u201d\u201d src_webm_phone=\u201d\u201d src_webm_last_edited=\u201don|phone\u201d _builder_version=\u201d4.16\u2033 _module_preset=\u201ddefault\u201d global_colors_info=\u201d{}\u201d][\/et_pb_video][\/et_pb_column][et_pb_column type=\u201d1_3\u2033 _builder_version=\u201d4.16\u2033 custom_padding=\u201d|||\u201d global_colors_info=\u201d{}\u201d custom_padding__hover=\u201d|||\u201d][et_pb_text _builder_version=\u201d4.16\u2033 _module_preset=\u201ddefault\u201d global_colors_info=\u201d{}\u201d]<\/p>\n<p>Por medio de los c\u00f3digos QR, las empresas pueden llevar un control de la dotaci\u00f3n de sus colaboradores, al igual que identificar la dependencia, cargo y mas datos a los que el empresario solicite tener acceso, adem\u00e1s al momento de ser escaneado brinda informaci\u00f3n que ayuda a salvar la vida de la persona portadora del c\u00f3digo en caso de emergencia dentro y fuera del lugar de trabajo y asi mismo enviar una alerta a los contactos ingresados en el sistema .<\/p>\n<p>[\/et_pb_text][\/et_pb_column][et_pb_column type=\u201d1_3\u2033 _builder_version=\u201d4.16\u2033 custom_padding=\u201d|||\u201d global_colors_info=\u201d{}\u201d custom_padding__hover=\u201d|||\u201d][et_pb_video src=\u201dhttps:\/\/www.youtube.com\/watch?v=mrIu7B-rEU0\u2033 _builder_version=\u201d4.16\u2033 _module_preset=\u201ddefault\u201d global_colors_info=\u201d{}\u201d][\/et_pb_video][\/et_pb_column][\/et_pb_row][\/et_pb_section][et_pb_section fb_built=\u201d1\u2033 custom_padding_last_edited=\u201doff|desktop\u201d admin_label=\u201dServices\u201d _builder_version=\u201d4.16\u2033 custom_padding=\u201d|||\u201d locked=\u201doff\u201d global_colors_info=\u201d{}\u201d][et_pb_row _builder_version=\u201d4.16\u2033 global_colors_info=\u201d{}\u201d][et_pb_column type=\u201d4_4\u2033 _builder_version=\u201d4.16\u2033 custom_padding=\u201d|||\u201d global_colors_info=\u201d{}\u201d custom_padding__hover=\u201d|||\u201d][et_pb_image src=\u201dhttps:\/\/www.freshcode.com.co\/web\/wp-content\/uploads\/2021\/08\/FOTO-CODIGO-LOGO.jpg\u201d title_text=\u201dFOTO C\u00d3DIGO LOGO\u201d src_tablet=\u201d\u201d src_phone=\u201d\u201d src_last_edited=\u201don|phone\u201d _builder_version=\u201d4.16\u2033 _module_preset=\u201ddefault\u201d global_colors_info=\u201d{}\u201d][\/et_pb_image][et_pb_text _builder_version=\u201d4.16\u2033 text_font=\u201dOpen Sans||||||||\u201d text_font_size=\u201d18px\u201d text_line_height=\u201d1.8em\u201d header_font=\u201d||||||||\u201d header_2_font=\u201dJosefin Sans|700|||||||\u201d header_2_font_size=\u201d32px\u201d header_2_line_height=\u201d1.5em\u201d header_3_font=\u201dJosefin Sans|700||on|||||\u201d header_3_text_color=\u201drgba(43,51,68,0.2)\u201d text_orientation=\u201dcenter\u201d max_width=\u201d700px\u201d module_alignment=\u201dcenter\u201d custom_margin=\u201d|||\u201d custom_padding=\u201d|||\u201d locked=\u201doff\u201d global_colors_info=\u201d{}\u201d]<\/p>\n<h2><span>P\u00fablico Objetivo<\/span><\/h2>\n<p>[\/et_pb_text][\/et_pb_column][\/et_pb_row][et_pb_row column_structure=\u201d1_3,1_3,1_3\u2033 use_custom_gutter=\u201don\u201d gutter_width=\u201d2\u2033 _builder_version=\u201d4.16\u2033 max_width=\u201d1440px\u201d use_custom_width=\u201don\u201d custom_width_px=\u201d1440px\u201d global_colors_info=\u201d{}\u201d][et_pb_column type=\u201d1_3\u2033 _builder_version=\u201d4.16\u2033 custom_padding=\u201d|||\u201d global_colors_info=\u201d{}\u201d custom_padding__hover=\u201d|||\u201d][et_pb_blurb use_icon=\u201don\u201d font_icon=\u201dl||divi||400\u2033 icon_color=\u201d#ffffff\u201d icon_placement=\u201dleft\u201d _builder_version=\u201d4.16\u2033 header_font=\u201dJosefin Sans|700||on|||||\u201d body_font=\u201dOpen Sans||||||||\u201d body_font_size=\u201d18px\u201d body_line_height=\u201d1.8em\u201d background_color=\u201d#33CCBD\u201d use_background_color_gradient=\u201don\u201d background_color_gradient_type=\u201dcircular\u201d background_color_gradient_direction_radial=\u201dtop right\u201d background_color_gradient_stops=\u201d#000000 0%|#29c4a9 100%\u201d background_color_gradient_start=\u201d#000000\u2033 background_layout=\u201ddark\u201d custom_margin=\u201d|||\u201d custom_margin_tablet=\u201d|0px|30px|0px\u201d custom_margin_phone=\u201d\u201d custom_margin_last_edited=\u201don|tablet\u201d custom_padding=\u201d40px|20px|40px|20px|true|true\u201d animation_style=\u201dfold\u201d animation_direction=\u201dright\u201d animation_intensity_fold=\u201d20%\u201d animation=\u201doff\u201d box_shadow_style=\u201dpreset3\u2033 box_shadow_vertical=\u201d40px\u201d box_shadow_blur=\u201d60px\u201d box_shadow_spread=\u201d-30px\u201d box_shadow_color=\u201drgba(0,0,0,0.34)\u201d locked=\u201doff\u201d global_colors_info=\u201d{}\u201d]<\/p>\n<p><span>Este producto est\u00e1 dise\u00f1ado para cualquier persona, inicialmente por el alto riesgo en deportistas, dotaciones de empresas, uniformes escolares y dem\u00e1s personas que por su actividad diaria generen un riesgo de accidentabilidad m\u00e1s elevado.<\/span><\/p>\n<p>[\/et_pb_blurb][\/et_pb_column][et_pb_column type=\u201d1_3\u2033 _builder_version=\u201d4.16\u2033 custom_padding=\u201d|||\u201d global_colors_info=\u201d{}\u201d custom_padding__hover=\u201d|||\u201d][et_pb_blurb title=\u201dDESCRIPCION DEL NEGOCIO \u201d use_icon=\u201don\u201d font_icon=\u201d\ue0fd||divi||400\u2033 icon_color=\u201d#ffffff\u201d icon_placement=\u201dleft\u201d _builder_version=\u201d4.16\u2033 header_font=\u201dJosefin Sans|700||on|||||\u201d body_font=\u201dOpen Sans||||||||\u201d body_font_size=\u201d18px\u201d body_line_height=\u201d1.8em\u201d background_color=\u201d#267263\u2033 background_image=\u201dhttps:\/\/www.freshcode.com.co\/web\/wp-content\/uploads\/2021\/05\/Mesa-de-trabajo-2.png\u201d text_orientation=\u201djustified\u201d background_layout=\u201ddark\u201d custom_margin=\u201d|||\u201d custom_margin_tablet=\u201d||30px|\u201d custom_margin_phone=\u201d\u201d custom_margin_last_edited=\u201don|tablet\u201d custom_padding=\u201d40px|20px|40px|20px|true|true\u201d animation_style=\u201dfold\u201d animation_direction=\u201dleft\u201d animation_delay=\u201d100ms\u201d animation_intensity_fold=\u201d20%\u201d animation=\u201doff\u201d box_shadow_style=\u201dpreset3\u2033 box_shadow_vertical=\u201d40px\u201d box_shadow_blur=\u201d60px\u201d box_shadow_spread=\u201d-30px\u201d box_shadow_color=\u201drgba(0,0,0,0.34)\u201d text_shadow_style=\u201dpreset1\u2033 text_shadow_horizontal_length=\u201d0.08em\u201d text_shadow_color=\u201d#000000\u2033 locked=\u201doff\u201d global_colors_info=\u201d{}\u201d]<\/p>\n<p>FRESHCODE suministra los c\u00f3digos QR listos para ser aplicados a las prendas por transferencia t\u00e9rmica, de esta manera cada prenda se convierte en una poderosa herramienta, aportando positivamente a los funcionarios y la comunidad con responsabilidad social.<\/p>\n<p>Generar seguridad, tranquilidad y bienestar a la comunidad, incluyendo a los mas vulnerables y mascotas de nuestros hogares<\/p>\n<p>[\/et_pb_blurb][\/et_pb_column][et_pb_column type=\u201d1_3\u2033 _builder_version=\u201d4.16\u2033 custom_padding=\u201d|||\u201d global_colors_info=\u201d{}\u201d custom_padding__hover=\u201d|||\u201d][et_pb_blurb title=\u201dFunciones modulo empresarial\u201d use_icon=\u201don\u201d font_icon=\u201d\ue101||divi||400\u2033 icon_color=\u201d#ffffff\u201d icon_placement=\u201dleft\u201d _builder_version=\u201d4.16\u2033 header_font=\u201dJosefin Sans|700||on|||||\u201d body_font=\u201dOpen Sans||||||||\u201d body_font_size=\u201d18px\u201d body_line_height=\u201d1.8em\u201d background_color=\u201d#267263\u2033 use_background_color_gradient=\u201don\u201d background_color_gradient_type=\u201dcircular\u201d background_color_gradient_direction_radial=\u201dbottom left\u201d background_color_gradient_stops=\u201d#267263 0%|#031416 100%\u201d background_color_gradient_start=\u201d#267263\u2033 background_color_gradient_end=\u201d#031416\u2033 background_layout=\u201ddark\u201d custom_margin=\u201d|||\u201d custom_margin_tablet=\u201d||30px|\u201d custom_margin_phone=\u201d\u201d custom_margin_last_edited=\u201don|tablet\u201d custom_padding=\u201d40px|20px|40px|20px|true|true\u201d animation_style=\u201dfold\u201d animation_direction=\u201dleft\u201d animation_delay=\u201d300ms\u201d animation_intensity_fold=\u201d20%\u201d animation=\u201doff\u201d box_shadow_style=\u201dpreset3\u2033 box_shadow_vertical=\u201d40px\u201d box_shadow_blur=\u201d60px\u201d box_shadow_spread=\u201d-30px\u201d box_shadow_color=\u201drgba(0,0,0,0.34)\u201d locked=\u201doff\u201d global_colors_info=\u201d{}\u201d]<\/p>\n<p>\u00b7 Control sobre la dotaci\u00f3n entregada a cada funcionario.<\/p>\n<p>\u00b7 Evita que personas mal intencionadas puedan copiar o imitar las prendas de la empresa.<\/p>\n<p>\u00b7 Sistema de identificaci\u00f3n del funcionario ante usuarios externos y la autoridad competente para prevenir actos delictivos.<\/p>\n<p>\u00b7 Acceso a informaci\u00f3n del funcionario para jefes de \u00e1rea por medio de la aplicaci\u00f3n (esta informaci\u00f3n es personalizada seg\u00fan necesidad de la empresa).<\/p>\n<p>\u00b7 Informaci\u00f3n vital en caso de emergencia del funcionario que porta el QR FRESHCODE.<\/p>\n<p>\u00b7 Informaci\u00f3n cifrada evitando robo de la misma<\/p>\n<p>[\/et_pb_blurb][\/et_pb_column][\/et_pb_row][\/et_pb_section][et_pb_section fb_built=\u201d1\u2033 admin_label=\u201dFooter\u201d _builder_version=\u201d4.16\u2033 global_colors_info=\u201d{}\u201d][\/et_pb_section]<\/p>\n<\/body>","protected":false},"excerpt":{"rendered":"<p>FRESHCODE\u00a0 \u00a0 \u00a0 \u00a0 \u00a0 \u00a0 \u00a0 \u00a0 \u00a0 \u00a0 \u00a0 \u00a0 \u00a0 \u00a0 \u00a0 \u00a0 \u00a0 \u00a0 \u00a0 \u00a0 \u00a0 \u00a0 \u00a0 \u00a0 \u00a0 \u00a0 \u00a0 \u00a0 \u00a0 \u00a0 \u00a0 \u00a0 \u00a0 \u00a0 \u00a0 \u00a0 \u00a0 \u00a0 \u00a0 \u00a0 \u00a0 \u00a0 \u00a0 \u00a0 \u00a0 \u00a0 \u00a0 \u00a0 \u00a0 \u00a0 \u00a0 \u00a0 \u00a0 \u00a0 \u00a0 [&hellip;]<\/p>\n","protected":false},"author":2,"featured_media":0,"parent":0,"menu_order":0,"comment_status":"closed","ping_status":"closed","template":"","meta":{"_et_pb_use_builder":"on","_et_pb_old_content":"","_et_gb_content_width":"","_joinchat":[],"footnotes":""},"class_list":["post-232245","page","type-page","status-publish","hentry"],"jetpack_sharing_enabled":true,"_links":{"self":[{"href":"https:\/\/www.freshcode.com.co\/web\/wp-json\/wp\/v2\/pages\/232245"}],"collection":[{"href":"https:\/\/www.freshcode.com.co\/web\/wp-json\/wp\/v2\/pages"}],"about":[{"href":"https:\/\/www.freshcode.com.co\/web\/wp-json\/wp\/v2\/types\/page"}],"author":[{"embeddable":true,"href":"https:\/\/www.freshcode.com.co\/web\/wp-json\/wp\/v2\/users\/2"}],"replies":[{"embeddable":true,"href":"https:\/\/www.freshcode.com.co\/web\/wp-json\/wp\/v2\/comments?post=232245"}],"version-history":[{"count":4,"href":"https:\/\/www.freshcode.com.co\/web\/wp-json\/wp\/v2\/pages\/232245\/revisions"}],"predecessor-version":[{"id":233290,"href":"https:\/\/www.freshcode.com.co\/web\/wp-json\/wp\/v2\/pages\/232245\/revisions\/233290"}],"wp:attachment":[{"href":"https:\/\/www.freshcode.com.co\/web\/wp-json\/wp\/v2\/media?parent=232245"}],"curies":[{"name":"wp","href":"https:\/\/api.w.org\/{rel}","templated":true}]}}